{"id":75,"date":"2020-07-08T06:52:54","date_gmt":"2020-07-08T06:52:54","guid":{"rendered":"https:\/\/wendylai.lab.nycu.edu.tw\/?page_id=75"},"modified":"2022-07-18T08:02:28","modified_gmt":"2022-07-18T08:02:28","slug":"exhibition","status":"publish","type":"page","link":"https:\/\/wendylai.lab.nycu.edu.tw\/index.php\/exhibition\/","title":{"rendered":"Exhibition"},"content":{"rendered":"\t\t<div data-elementor-type=\"wp-page\" data-elementor-id=\"75\" class=\"elementor elementor-75\">\n\t\t\t\t\t\t<div class=\"elementor-inner\">\n\t\t\t\t<div class=\"elementor-section-wrap\">\n\t\t\t\t\t\t\t\t\t<section class=\"elementor-section elementor-top-section elementor-element elementor-element-22c2764 elementor-section-boxed elementor-section-height-default elementor-section-height-default elementor-invisible\" data-id=\"22c2764\" data-element_type=\"section\" data-settings=\"{&quot;animation&quot;:&quot;fadeIn&quot;,&quot;background_background&quot;:&quot;classic&quot;,&quot;shape_divider_top&quot;:&quot;mountains&quot;}\">\n\t\t\t\t\t<div class=\"elementor-shape elementor-shape-top\" data-negative=\"false\">\n\t\t\t<svg xmlns=\"http:\/\/www.w3.org\/2000\/svg\" viewBox=\"0 0 1000 100\" preserveAspectRatio=\"none\">\n\t<path class=\"elementor-shape-fill\" opacity=\"0.33\" d=\"M473,67.3c-203.9,88.3-263.1-34-320.3,0C66,119.1,0,59.7,0,59.7V0h1000v59.7 c0,0-62.1,26.1-94.9,29.3c-32.8,3.3-62.8-12.3-75.8-22.1C806,49.6,745.3,8.7,694.9,4.7S492.4,59,473,67.3z\"\/>\n\t<path class=\"elementor-shape-fill\" opacity=\"0.66\" d=\"M734,67.3c-45.5,0-77.2-23.2-129.1-39.1c-28.6-8.7-150.3-10.1-254,39.1 s-91.7-34.4-149.2,0C115.7,118.3,0,39.8,0,39.8V0h1000v36.5c0,0-28.2-18.5-92.1-18.5C810.2,18.1,775.7,67.3,734,67.3z\"\/>\n\t<path class=\"elementor-shape-fill\" d=\"M766.1,28.9c-200-57.5-266,65.5-395.1,19.5C242,1.8,242,5.4,184.8,20.6C128,35.8,132.3,44.9,89.9,52.5C28.6,63.7,0,0,0,0 h1000c0,0-9.9,40.9-83.6,48.1S829.6,47,766.1,28.9z\"\/>\n<\/svg>\t\t<\/div>\n\t\t\t\t\t<div class=\"elementor-container elementor-column-gap-default\">\n\t\t\t\t\t\t\t<div class=\"elementor-row\">\n\t\t\t\t\t<div class=\"elementor-column elementor-col-100 elementor-top-column elementor-element elementor-element-3aa2962\" data-id=\"3aa2962\" data-element_type=\"column\">\n\t\t\t<div class=\"elementor-column-wrap elementor-element-populated\">\n\t\t\t\t\t\t\t<div class=\"elementor-widget-wrap\">\n\t\t\t\t\t\t<div class=\"elementor-element elementor-element-b885daa elementor-widget elementor-widget-spacer\" data-id=\"b885daa\" data-element_type=\"widget\" data-widget_type=\"spacer.default\">\n\t\t\t\t<div class=\"elementor-widget-container\">\n\t\t\t\t\t<div class=\"elementor-spacer\">\n\t\t\t<div class=\"elementor-spacer-inner\"><\/div>\n\t\t<\/div>\n\t\t\t\t<\/div>\n\t\t\t\t<\/div>\n\t\t\t\t<section class=\"elementor-section elementor-inner-section elementor-element elementor-element-e7db71f elementor-section-boxed elementor-section-height-default elementor-section-height-default elementor-invisible\" data-id=\"e7db71f\" data-element_type=\"section\" data-settings=\"{&quot;background_background&quot;:&quot;classic&quot;,&quot;animation&quot;:&quot;fadeInUp&quot;}\">\n\t\t\t\t\t\t<div class=\"elementor-container elementor-column-gap-default\">\n\t\t\t\t\t\t\t<div class=\"elementor-row\">\n\t\t\t\t\t<div class=\"elementor-column elementor-col-100 elementor-inner-column elementor-element elementor-element-3178b7d\" data-id=\"3178b7d\" data-element_type=\"column\">\n\t\t\t<div class=\"elementor-column-wrap elementor-element-populated\">\n\t\t\t\t\t\t\t<div class=\"elementor-widget-wrap\">\n\t\t\t\t\t\t<div class=\"elementor-element elementor-element-cc9e0c0 elementor-tabs-view-horizontal elementor-widget elementor-widget-tabs\" data-id=\"cc9e0c0\" data-element_type=\"widget\" data-widget_type=\"tabs.default\">\n\t\t\t\t<div class=\"elementor-widget-container\">\n\t\t\t\t\t<div class=\"elementor-tabs\">\n\t\t\t<div class=\"elementor-tabs-wrapper\" role=\"tablist\" >\n\t\t\t\t\t\t\t\t\t<div id=\"elementor-tab-title-2141\" class=\"elementor-tab-title elementor-tab-desktop-title\" aria-selected=\"true\" data-tab=\"1\" role=\"tab\" tabindex=\"0\" aria-controls=\"elementor-tab-content-2141\" aria-expanded=\"false\"><a href=\"\">SOLO EXHIBITIONS<\/a><\/div>\n\t\t\t\t\t\t\t\t\t<div id=\"elementor-tab-title-2142\" class=\"elementor-tab-title elementor-tab-desktop-title\" aria-selected=\"false\" data-tab=\"2\" role=\"tab\" tabindex=\"-1\" aria-controls=\"elementor-tab-content-2142\" aria-expanded=\"false\"><a href=\"\">TransArt NCTU Team Project<\/a><\/div>\n\t\t\t\t\t\t\t\t\t<div id=\"elementor-tab-title-2143\" class=\"elementor-tab-title elementor-tab-desktop-title\" aria-selected=\"false\" data-tab=\"3\" role=\"tab\" tabindex=\"-1\" aria-controls=\"elementor-tab-content-2143\" aria-expanded=\"false\"><a href=\"\">SELECTED GROUP EXHIBITIONS\/PERFORMANCES<\/a><\/div>\n\t\t\t\t\t\t\t<\/div>\n\t\t\t<div class=\"elementor-tabs-content-wrapper\" role=\"tablist\" aria-orientation=\"vertical\">\n\t\t\t\t\t\t\t\t\t<div class=\"elementor-tab-title elementor-tab-mobile-title\" aria-selected=\"true\" data-tab=\"1\" role=\"tab\" tabindex=\"0\" aria-controls=\"elementor-tab-content-2141\" aria-expanded=\"false\">SOLO EXHIBITIONS<\/div>\n\t\t\t\t\t<div id=\"elementor-tab-content-2141\" class=\"elementor-tab-content elementor-clearfix\" data-tab=\"1\" role=\"tabpanel\" aria-labelledby=\"elementor-tab-title-2141\" tabindex=\"0\" hidden=\"false\"><h4><strong>SOLO EXHIBITIONS \u500b\u5c55<\/strong><\/h4>\n<p><b>2021<br><\/b><a href=\"https:\/\/wendylai.lab.nycu.edu.tw\/index.php\/encountering\/\">&#8220;Encountering \/ Foreseeing the Sixth Fuel Factory: Solo Art Installation by Wen-Shu Lai&#8221;<\/a><a href=\"https:\/\/wendylai.lab.nycu.edu.tw\/index.php\/encountering\/\" target=\"_blank\">&nbsp;&nbsp;<\/a><br>\u9047\uff0f\u9810\u898b\u516d\u71c3\uff1a\u8cf4\u96ef\u6dd1\u85dd\u8853\u88dd\u7f6e\u500b\u5c55\uff0c\u65b0\u7af9\u516d\u71c3\u300c\u5927\u7159\u56ea\u4e0b\u7684\u5bb6\u300d\u30025\/1~5\/31\uff0c2021<\/p>\n<p><strong>2017<\/strong><br><a href=\"https:\/\/transart.nctu.edu.tw\/2017%e3%80%8c%e7%94%9f%e5%91%bd%e4%b9%8b%e6%a8%b9%ef%bc%9a%e9%9b%b2%e7%ab%af%e7%a8%ae%e6%a8%b9%e8%a8%88%e7%95%ab%e3%80%8d-tree-of-life%ef%bc%9aplanting-trees-in-the-cloud-project-2\/\">\u201cTree of Life: Planting Trees in the Clouds\u201d<\/a><br>\u751f\u547d\u4e4b\u6a39\uff1a\u96f2\u7aef\u7a2e\u6a39\u8a08\u756b\u2014\u5927\u578b\u8cc7\u6599\u904b\u7b97\u4e92\u52d5\u5c55\u89bd\uff0c\u8cf4\u96ef\u6dd1\uff08\u539f\u5275\u6982\u5ff5\u85dd\u8853\u5bb6\u3001\u85dd\u8853\u7e3d\u76e3\u3001\u8a08\u5283\u4e3b\u6301\u4eba\uff09\u66a8\u4ea4\u5927\u8de8\u9818\u57df\u85dd\u8853\u5718\u968a\uff0c<br>\u570b\u7acb\u53f0\u7063\u85dd\u8853\u6559\u80b2\u9928\uff0c\u81fa\u5317\u30027\/4-7\/31\/2017<\/p>\n<p><strong>2014<\/strong> <br><a href=\"https:\/\/wendylai.lab.nycu.edu.tw\/index.php\/off-the-beaten-track\/\" target=\"_blank\" rel=\"noopener\">\u201cOff the Beaten Track\u201d &#8211; Wen-Shu Lai Solo Exhibition<\/a><br>\u6797\u4e2d\u8def\u2014\u8cf4\u96ef\u6dd1\u85dd\u8853\u88dd\u7f6e\u500b\u5c55\uff08\u85dd\u8853\u5bb6\u3001\u85dd\u8853\u7e3d\u76e3\u3001\u7b56\u5c55\u4eba\uff09\uff0c\u4ea4\u5927\u85dd\u6587\u7a7a\u9593<br>Art Gallery at National Chiao-Tung University, Jan. 2. \u2013 22, 2014, Hsin-Chu, Taiwan<\/p>\n<p><strong>2012<\/strong><br><a href=\"https:\/\/wendylai.lab.nycu.edu.tw\/index.php\/through-the-wrinkles\/\" target=\"_blank\" rel=\"noopener\">\u201cThrough the Wrinkles\u201d<\/a>&nbsp;&#8211; Wen-Shu Lai Solo Exhibition, Installation by Wen-Shu Lai<br>\u76ba\u8936\u4e4b\u9593\uff0d\u8cf4\u96ef\u6dd1\u88dd\u7f6e\u500b\u5c55\uff08\u85dd\u8853\u5bb6\u3001\u85dd\u8853\u7e3d\u76e3\u3001\u7b56\u5c55\u4eba\uff09, \u7f8e\u570b\u5317\u79d1\u7f85\u62c9\u591a\u5927\u5b78<br>School of Art and Design, UNC Galleries, Guggenheim Hall, University of Northern Colorado, September 12 \u2013 October 20, 2012<\/p>\n<p><strong>2010<\/strong> <br><a href=\"https:\/\/wendylai.lab.nycu.edu.tw\/index.php\/light-from-within\/\" target=\"_blank\" rel=\"noopener\">\u201dLight from Within\u201d<\/a><br>\u5167\u5728\u4e4b\u5149\u2014\u8cf4\u96ef\u6dd1\u500b\u5c55\uff08\u85dd\u8853\u5bb6\u3001\u85dd\u8853\u7e3d\u76e3\u3001\u7b56\u5c55\u4eba\uff09\uff0c\u9cf3\u7532\u7f8e\u8853\u9928<br>March 20-April 11, Hong-gah Museum, Taipei, Taiwan.<\/p>\n<p><strong>2007<\/strong><br><a href=\"https:\/\/wendylai.lab.nycu.edu.tw\/index.php\/elementor-547\/\" target=\"_blank\" rel=\"noopener\">\u201cFragment of Images\u201d-Solo Exhibition<\/a>&nbsp;<span lang=\"EN-US\" style=\"font-size: 10.0pt; font-family: '\u5fae\u8edf\u6b63\u9ed1\u9ad4','sans-serif'; mso-bidi-font-family: \u65b0\u7d30\u660e\u9ad4; mso-ansi-language: EN-US; mso-fareast-language: ZH-TW; mso-bidi-language: AR-SA;\">&#8211; Wen-Shu Lai Solo Exhibition<\/span><br>\u672a\u5b8c\u6210\u7684\u5f71\u50cf\u2014\u8cf4\u96ef\u6dd1\u500b\u5c55&nbsp;\uff08\u85dd\u8853\u5bb6\u3001\u85dd\u8853\u7e3d\u76e3\u3001\u7b56\u5c55\u4eba\uff09\uff0c\u7372\u7b2c\u516d\u5c46\u53f0\u65b0\u85dd\u8853\u734e \u8996\u89ba\u85dd\u8853\u985e\u7b2c\u56db\u5b63\u63d0\u540d<br>Art Gallery at National Chiao-Tung University, Nov. 29. \u2013 Dec. 16, Hsin-Chu, Taiwan<\/p><\/div>\n\t\t\t\t\t\t\t\t\t<div class=\"elementor-tab-title elementor-tab-mobile-title\" aria-selected=\"false\" data-tab=\"2\" role=\"tab\" tabindex=\"-1\" aria-controls=\"elementor-tab-content-2142\" aria-expanded=\"false\">TransArt NCTU Team Project<\/div>\n\t\t\t\t\t<div id=\"elementor-tab-content-2142\" class=\"elementor-tab-content elementor-clearfix\" data-tab=\"2\" role=\"tabpanel\" aria-labelledby=\"elementor-tab-title-2142\" tabindex=\"0\" hidden=\"hidden\"><h4>TransArt NCTU Team Project \u4ea4\u5927\u8de8\u9818\u57df\u85dd\u8853\u5718\u968a\u5c55\u6f14\u8a08\u5283<\/h4>\n<p><b>2020<br><\/b><span style=\"color: var( --e-global-color-text ); font-family: var( --e-global-typography-text-font-family ), Sans-serif;\">\u300a\u6f2b\u8a00\u3002\u8513\u884d\u300b\u2014\u300c\u591a\u5a92\u9ad4\u5149\u684c\u5149\u684c\u8aaa\u6545\u4e8b\u300d<br>\u7b56\u5c55\u4eba\uff1a\u8cf4\u96ef\u6dd1\uff0c\u57f7\u884c\u66a8\u6f14\u51fa\uff1a\u4ea4\u901a\u5927\u5b78\u8de8\u9818\u57df\u85dd\u8853\u5718\u968a\u3001\u61c9\u7528\u85dd\u8853\u7814\u7a76\u6240<br>7\/12(\u65e5)19:00-21:00\u3002\u5730\u9ede\uff1a\u5927\u7159\u56ea\u4e0b\u7684\u5bb6\/ \u4fdd\u6eab\u7737\u820d\u65c1\u5c0f\u5ee3\u5834<\/span><\/p>\n<p><strong>2019<\/strong><br>\u300a\u5927\u7159\u56ea\u958b\u7bb1\uff01\u300b\u516d\u71c3\u4fdd\u6eab\u6210\u679c\u5c55\u66a8\u85dd\u8853\u5c55\u6f14\uff0c\u65b0\u7af9\u5e02\uff0c\u516d\u71c3\u5927\u7159\u56ea\u5ee0\u623f<br>\u8a08\u5283\u7e3d\u4e3b\u6301\u4eba\/\u7b56\u5c55\u4eba\uff1a\u8cf4\u96ef\u6dd1<br>\u57f7\u884c\u5718\u968a\uff1a\u4ea4\u901a\u5927\u5b78\u8de8\u9818\u57df\u85dd\u8853\u5718\u968a\uff0c12\/6\/2019~1\/05\/2020<\/p>\n<p><strong>2019<br><\/strong>\u300a\u516d\u71c3\u570b\u969b\u4e92\u52d5\u5287\u5834\u300b\u8a08\u5283\u7e3d\u4e3b\u6301\u4eba\/\u88fd\u4f5c\u4eba\/\u85dd\u8853\u7e3d\u76e3\uff1a\u8cf4\u96ef\u6dd1\u3001Max Schumacher<br>\u57f7\u884c\u5718\u968a\uff1a\u4ea4\u901a\u5927\u5b78\u8de8\u9818\u57df\u85dd\u8853\u5718\u968a\u3001\u4ea4\u5927IoTtalk\u5be6\u9a57\u5ba4\u66a8\u5fb7\u570b\u67cf\u6797\u5f8c\u5287\u5834\uff08post theater\uff09<br>\u65b0\u7af9\u5e02\uff0c\u516d\u71c3\u5927\u7159\u56ea\u5ee0\u623f11\/15~11\/17\/2019<\/p>\n<p><strong>2019<\/strong><br>\u300a\u9748\u9b42\u5370\u8a18x\u6b77\u53f2\u8ecc\u8de1\u300bImprints of Soul\uff0eTracks of History<br>\u591a\u5a92\u9ad4\u5149\u684c\u8aaa\u6545\u4e8b\uff1a\u65b0\u7af9\u516d\u71c3\u6642\u7a7a\u7a7f\u8d8a\u5287\uff2010\/3, 2019<br>\u7b56\u5c55\u4eba\uff1a\u8cf4\u96ef\u6dd1\u3002\u57f7\u884c\u5718\u968a\uff1a\u4ea4\u901a\u5927\u5b78\u8de8\u9818\u57df\u85dd\u8853\u5718\u968a\/\u65b0\u7af9\u5e02\uff0c\u4ea4\u901a\u5927\u5b78\u85dd\u6587\u7a7a\u9593<\/p>\n<p><strong>2019<br><\/strong>\u6d3b\u96b1\u55bb\uff0c\u6d3b\u535a\u7269\u9928\uff1a\u65b0\u7af9\u751f\u535a\u7269\u9928\u300a\u516d\u71c3\u6587\u4ef6\u5c55\u300b\u65b0\u7af9\u5e02\uff0c\u4ea4\u901a\u5927\u5b78\u85dd\u6587\u7a7a\u9593\u3002<br>\u8a08\u5283\u7e3d\u4e3b\u6301\u4eba\/\u7b56\u5c55\u4eba\uff1a\u8cf4\u96ef\u6dd1\uff0c\u5354\u540c\u7b56\u5c55\u4eba\uff1a\u6797\u6b23\u6021<br>\u57f7\u884c\u5718\u968a\uff1a\u4ea4\u901a\u5927\u5b78\u8de8\u9818\u57df\u85dd\u8853\u5718\u968a\uff0c6\/6~7\/9\/2019<\/p>\n<p><strong>2017<\/strong><br>\u300a\u751f\u547d\u4e4b\u6a39\uff1a\u96f2\u7aef\u7a2e\u6a39\u8a08\u5283\u300b\u8cc7\u6599\u5eab\u904b\u7b97\u4e92\u52d5\u85dd\u8853\u88dd\u7f6e\u8207\u8868\u6f14\u3002\u81fa\u5317\uff0c\u81fa\u7063\u85dd\u8853\u6559\u80b2\u9928\u3002<br>\u7b56\u5c55\u4eba\/\u539f\u5275\u6982\u5ff5\u85dd\u8853\u5bb6\/\u85dd\u8853\u7e3d\u76e3\/\u8a08\u5283\u4e3b\u6301\u4eba\uff1a\u8cf4\u96ef\u6dd1<br>\u57f7\u884c\u5718\u968a\uff1a\u4ea4\u901a\u5927\u5b78\u8de8\u9818\u57df\u85dd\u8853\u5718\u968a<\/p>\n<p><strong>2016<\/strong><br>\u300a\u4ee5\u8eab\u70ba\u884c\u300b\u4e92\u52d5\u85dd\u8853\u88dd\u7f6e\u8207\u8868\u6f14\u3002\u81fa\u5317\uff0c\u81fa\u7063\u85dd\u8853\u6559\u80b2\u9928\u3002<br>\u7b56\u5c55\u4eba\/\u6797\u66f8\u6c11\u3002\u85dd\u8853\u5bb6\uff1a\u6797\u66f8\u6c11\u3001\u66f9\u5fc3\u660e\u3001\u5deb\u8d85\u51e1\u3001\u674e\u4f69\u73b2\u3001\u738b\u90c1\u52f3<br>\u6307\u5c0e\u6559\u6388\/\u8cf4\u96ef\u6dd1\uff0c\u57f7\u884c\u5718\u968a\uff1a\u4ea4\u901a\u5927\u5b78\u8de8\u9818\u57df\u85dd\u8853\u5718\u968a<\/p>\n<p><strong>2015<br><\/strong>\u300a\u9752\u6416.\u6625\u66f3\u300b&nbsp;\u4e92\u52d5\u85dd\u8853\u88dd\u7f6e\u5c55\u3002\u65b0\u7af9\u751f\u6d3b\u7f8e\u5b78\u9928\u3002\u57f7\u884c\u5718\u968a\uff1a\u4ea4\u901a\u5927\u5b78\u8de8\u9818\u57df\u85dd\u8853\u5718\u968a<\/p>\n<p><strong>2015<\/strong><br>\u300c2015\u611f\u6069\u5b63\u7cfb\u5217\u6d3b\u52d5-\u8056\u8a95\u88dd\u7f6e\u85dd\u8853\u300d2015\/11\/11 ~ 2015\/12\/11<\/p>\n<p><strong>2014<br><\/strong>\u300a\u98df\u9593.\u6642\u9593\u300b&nbsp;\u4e92\u52d5\u85dd\u8853\u88dd\u7f6e\u5c55\u3002\u81fa\u5317\u6578\u4f4d\u85dd\u8853\u4e2d\u5fc3\u3002\u57f7\u884c\u5718\u968a\uff1a\u4ea4\u901a\u5927\u5b78\u8de8\u9818\u57df\u85dd\u8853\u5718\u968a<\/p>\n<p><strong>2012<\/strong><br>\u201c\u8ff4\u76ea\u7684\u8ff7\u5bae \/ A Reverberated Labyrinth\u201d, Multimedia interactive performanceby\u570b\u7acb\u4ea4\u901a\u5927\u5b78\u8de8\u9818\u57df\u85dd\u8853\u5718\u968a transArt NTCU<br>\u5b5f\u5fb7\u723e\u980c\u5ef3Fanny &#8211; Mendelssohn \u2013 Saal, \u7dad\u4e5f\u7d0d\u97f3\u6a02\u66a8\u8868\u6f14\u85dd\u8853\u5927\u5b78The University of Music and Performing Arts Vienna, Nov. 16, 2012, \u7dad\u4e5f\u7d0d\uff0c\u5967\u5730\u5229<\/p>\n<p><strong>2011<br><\/strong>\u201c\u56de \/ Hui \/ Zirkel\u201d , Interactive multimedia theatre, \u300c\u56de\u300d\u591a\u5a92\u9ad4\u4e92\u52d5\u5287\u5834\u5c55\u6f14<br>\u57f7\u884c\u5718\u968a\uff1a\u4ea4\u901a\u5927\u5b78\u8de8\u9818\u57df\u85dd\u8853\u5718\u968a transArt NTCU, WERK 2, Leipzig, Germany,September 9, 2011\uff0c\u840a\u6bd4\u932b\uff0c\u5fb7\u570b&nbsp;<\/p>\n<p><strong>2010<\/strong><br>\u201cKlein Dome\u201d,&nbsp; ArchiRock, ArchiCake\uff0cTaipei, Taiwan. \u300c\u514b\u840a\u56e0\u7a79\u9802\u4e92\u52d5\u88dd\u7f6e\u300d\uff0c\u8fea\u5316\u8857127\u516c\u5e97<br>\u57f7\u884c\u5718\u968a\uff1a\u570b\u7acb\u4ea4\u901a\u5927\u5b78\u8de8\u9818\u57df\u85dd\u8853\u5718\u968a<\/p>\n<p><strong>2010<br><\/strong>\u300a\u5728\u5149\u5f71\u9593\u56c8\u8a9e\u300b\u53f0\u7063\u7248\uff0c\u81fa\u5317\u9cf3\u7532\u7f8e\u8853\u9928<br>\u57f7\u884c\u5718\u968a\uff1a\u570b\u7acb\u4ea4\u901a\u5927\u5b78\u8de8\u9818\u57df\u85dd\u8853\u5718\u968a<\/p>\n<p><strong>2008<br><\/strong>\u201cS_chatten\u201d, co-director, Deutzer Bridge, Cologne, Germany<br>\u57f7\u884c\u5718\u968a\uff1a\u570b\u7acb\u4ea4\u901a\u5927\u5b78\u8de8\u9818\u57df\u85dd\u8853\u5718\u968a<\/p><\/div>\n\t\t\t\t\t\t\t\t\t<div class=\"elementor-tab-title elementor-tab-mobile-title\" aria-selected=\"false\" data-tab=\"3\" role=\"tab\" tabindex=\"-1\" aria-controls=\"elementor-tab-content-2143\" aria-expanded=\"false\">SELECTED GROUP EXHIBITIONS\/PERFORMANCES<\/div>\n\t\t\t\t\t<div id=\"elementor-tab-content-2143\" class=\"elementor-tab-content elementor-clearfix\" data-tab=\"3\" role=\"tabpanel\" aria-labelledby=\"elementor-tab-title-2143\" tabindex=\"0\" hidden=\"hidden\"><h4>SELECTED GROUP EXHIBITIONS\/PERFORMANCES \u806f\u5c55\/\u8868\u6f14<\/h4><p><b>2021<br \/><\/b><a href=\"https:\/\/artistbooks.web.nycu.edu.tw\/\" target=\"_blank\" rel=\"noopener\">\u300a\u66f8\u4e4b\u53c3\u8d0a\u8207\u8d85\u8d8a\uff1a\u85dd\u8853\u5bb6\u7684\u66f8\u300b(Artists\u2019 Books: Mediating Heterogeneity) \u806f\u5c55<\/a><span style=\"color: var( --e-global-color-text ); font-family: var( --e-global-typography-text-font-family ), Sans-serif;\"><br \/><\/span><span style=\"color: var( --e-global-color-text ); font-family: var( --e-global-typography-text-font-family ), Sans-serif;\">\u81fa\u5317\uff0c\u967d\u660e\u4ea4\u5927\u967d\u660e\u6821\u5340\u300c\u85dd\u7a7a\u9593\u300d12\/2~12\/24\/2021<\/span><\/p><p><b>2021<br \/><\/b><span style=\"color: var( --e-global-color-text ); font-family: var( --e-global-typography-text-font-family ), Sans-serif;\">\u300a\u86fb\u00a0 \u2014 2021\/22 \u570b\u969b\u7d19\u7e96\u7dad\u85dd\u8853\u96d9\u5e74\u5c55 \u3011Transfiguration \u2014 2021\/22 Biennial International Paper Fibre Art<br \/><\/span><span style=\"color: var( --e-global-color-text ); font-family: var( --e-global-typography-text-font-family ), Sans-serif;\">\u570b\u7acb\u81fa\u7063\u5de5\u85dd\u7814\u7a76\u767c\u5c55\u4e2d\u5fc3\uff0c2021\/11\/17~2022\/04\/10<\/span><\/p><p><span style=\"color: var( --e-global-color-text ); font-family: var( --e-global-typography-text-font-family ), Sans-serif;\">\u53c3\u5c55\u7cfb\u5217\u4f5c\u54c1\u300a\u6c88\u9ed8\u30fb\u8a18\u61b6\u30fb\u539f\u8ad2\u300b<\/span><\/p><p><strong>2011<\/strong><br \/>\u201cPost-Actitud\u201d El\u00a0Museo Ex Teresa Arte Actual in Mexico City, July 28-, September 18.<br \/>(El arte contempor\u00e1neo de j\u00f3venes artistas de Taiw\u00e1n llegar\u00e1 a M\u00e9xico)<br \/>\u300c\u5f8c\u614b\u5ea6\u2014\u53f0\u7063\u5e74\u8f15\u7576\u4ee3\u85dd\u8853\u5bb6\u806f\u5c55\u300d\uff0c\u524d\u6cf0\u745e\u838e\u7576\u4ee3\u85dd\u8853\u4e2d\u5fc3\uff0c\u58a8\u897f\u54e5\u5e02\uff0c\u58a8\u897f\u54e5<\/p><p><strong>2009<\/strong><br \/>\u00a0\u201cTaiwan Visual Artists Joint Exhibition\u201d (\u590f\u85dd\u773a\u25002009\u8996\u76df\u85dd\u8853\u5bb6\u535a\u89bd\u6703\u806f\u5c55), Taiwan<\/p><p><strong>2008<br \/><\/strong>\u201cTechnological Art Group Exhibition\u201d (\u79d1\u6280\u85dd\u8853\u806f\u5c55\u2014\u65b0\u7af9\u5e02\u9435\u9053\u85dd\u8853\u6751\u3010\u98a8\u4e4b\u85dd-\u65b0\u7af9\u5e02\u516d\u5927\u5b78\u6587\u85dd\u5b63\u3011\u7cfb\u5217\u6d3b\u52d5\u4e4b\u4e00\u201d, Hsin-Chu, Taiwan<\/p><p><strong>2004<\/strong><br \/>Sixty Square Inches 14th Biennial Small Print Juried Exhibition at Purdue University Galleries, West Lafayette, Indiana, March 8 \u2013 April 25<\/p><p><strong>2004<\/strong><br \/>Art6degrees Invitational Exhibition, March 6 \u2013 April 2, San Angelo, Texas<\/p><p><strong>2002<\/strong> <br \/>Recent Work \u2013 Art Faculty Show, July 11 \u2013 September 29. Sponsored by Angelo State University and San Angelo Museum of Fine Arts, San Angelo, Texas<\/p><p><strong>1998<\/strong> <br \/>Installation, \u201cBring Light to Darkness\u201d, North Hall, University of Iowa<\/p><p><strong>1997<\/strong> <br \/>Art 4 All Auction, one bronze sculpture &#8220;Before Dawn&#8221;, private collected by President of Children Hospital, University of Iowa Hospital and Clinics<\/p><p><strong>1995<\/strong> <br \/>&#8220;Shadow Sculpture&#8221; Plexiglas and wood, permanent collection, University of Iowa Museum of Art<\/p><p><strong>1995<\/strong> <br \/>&#8220;Awakening&#8221;, photography and mix media, private collection<\/p><p><strong>1995<\/strong> <br \/>The Thirteenth Annual Student Art Exhibition, Old Brick, April 3 &#8211; 14. Sponsored by The University of Iowa Fine Arts Council<\/p><p><strong>1995 <\/strong><br \/>Iowa College Salon XVII, Brunnier Art Museum, Feb.15-Mar.26. Sponsored by Iowa State University<\/p><p><strong>1994<\/strong> <br \/>The Twelfth Annual Student Art Exhibition, Old Brick, April 11 &#8211; 22. Sponsored by University of Iowa Fine Arts Council<\/p><p><strong>1994 <\/strong><br \/>Multiple Talents VI: An Exhibit of Book Arts, The Iowa City\/Johnson County Art Center, February 4 &#8211; 26. Sponsored by The Book Arts Club<\/p><p><strong>1993<\/strong> <br \/>Annual Juries Student Art Exhibition in Maucker Union Gallery. Sponsored by the University of Northern Iowa<\/p><p><strong>1992<\/strong> <br \/>Solo Exhibition in Eve Drewelowe Gallery, sponsored by University of Iowa<\/p><p><strong>1992<\/strong> <br \/>&#8220;Metalworking and Jewelry&#8221; Group Exhibition, Iowa City, Iowa<\/p><\/div>\n\t\t\t\t\t\t\t<\/div>\n\t\t<\/div>\n\t\t\t\t<\/div>\n\t\t\t\t<\/div>\n\t\t\t\t\t\t<\/div>\n\t\t\t\t\t<\/div>\n\t\t<\/div>\n\t\t\t\t\t\t\t\t<\/div>\n\t\t\t\t\t<\/div>\n\t\t<\/section>\n\t\t\t\t\t\t<\/div>\n\t\t\t\t\t<\/div>\n\t\t<\/div>\n\t\t\t\t\t\t\t\t<\/div>\n\t\t\t\t\t<\/div>\n\t\t<\/section>\n\t\t\t\t\t\t\t\t\t<\/div>\n\t\t\t<\/div>\n\t\t\t\t\t<\/div>\n\t\t","protected":false},"excerpt":{"rendered":"<p>SOLO EXHIBITIONS Trans [&hellip;]<\/p>\n","protected":false},"author":1,"featured_media":0,"parent":0,"menu_order":0,"comment_status":"closed","ping_status":"closed","template":"page-templates\/page_front-page.php","meta":{"footnotes":""},"class_list":["post-75","page","type-page","status-publish","hentry"],"_links":{"self":[{"href":"https:\/\/wendylai.lab.nycu.edu.tw\/index.php\/wp-json\/wp\/v2\/pages\/75","targetHints":{"allow":["GET"]}}],"collection":[{"href":"https:\/\/wendylai.lab.nycu.edu.tw\/index.php\/wp-json\/wp\/v2\/pages"}],"about":[{"href":"https:\/\/wendylai.lab.nycu.edu.tw\/index.php\/wp-json\/wp\/v2\/types\/page"}],"author":[{"embeddable":true,"href":"https:\/\/wendylai.lab.nycu.edu.tw\/index.php\/wp-json\/wp\/v2\/users\/1"}],"replies":[{"embeddable":true,"href":"https:\/\/wendylai.lab.nycu.edu.tw\/index.php\/wp-json\/wp\/v2\/comments?post=75"}],"version-history":[{"count":61,"href":"https:\/\/wendylai.lab.nycu.edu.tw\/index.php\/wp-json\/wp\/v2\/pages\/75\/revisions"}],"predecessor-version":[{"id":1413,"href":"https:\/\/wendylai.lab.nycu.edu.tw\/index.php\/wp-json\/wp\/v2\/pages\/75\/revisions\/1413"}],"wp:attachment":[{"href":"https:\/\/wendylai.lab.nycu.edu.tw\/index.php\/wp-json\/wp\/v2\/media?parent=75"}],"curies":[{"name":"wp","href":"https:\/\/api.w.org\/{rel}","templated":true}]}}